{"id":2754,"date":"2025-08-09T00:47:55","date_gmt":"2025-08-08T22:47:55","guid":{"rendered":"https:\/\/lange.julianberger.me\/?page_id=2754"},"modified":"2025-09-02T08:22:16","modified_gmt":"2025-09-02T06:22:16","slug":"impressum","status":"publish","type":"page","link":"https:\/\/lange-metall.de\/en\/impressum","title":{"rendered":"Imprint"},"content":{"rendered":"<p><div class=\"fusion-fullwidth fullwidth-box fusion-builder-row-1 fusion-flex-container has-pattern-background has-mask-background nonhundred-percent-fullwidth non-hundred-percent-height-scrolling\" style=\"--awb-border-radius-top-left:0px;--awb-border-radius-top-right:0px;--awb-border-radius-bottom-right:0px;--awb-border-radius-bottom-left:0px;--awb-margin-top:-60px;--awb-flex-wrap:wrap;\" ><div class=\"fusion-builder-row fusion-row fusion-flex-align-items-flex-start fusion-flex-content-wrap\" style=\"max-width:1546.48px;margin-left: calc(-4% \/ 2 );margin-right: calc(-4% \/ 2 );\"><div class=\"fusion-layout-column fusion_builder_column fusion-builder-column-0 fusion_builder_column_1_1 1_1 fusion-flex-column\" style=\"--awb-bg-size:cover;--awb-width-large:100%;--awb-spacing-right-large:1.92%;--awb-margin-bottom-large:0px;--awb-spacing-left-large:1.92%;--awb-width-medium:100%;--awb-order-medium:0;--awb-spacing-right-medium:1.92%;--awb-spacing-left-medium:1.92%;--awb-width-small:100%;--awb-order-small:0;--awb-spacing-right-small:1.92%;--awb-spacing-left-small:1.92%;\"><div class=\"fusion-column-wrapper fusion-column-has-shadow fusion-flex-justify-content-flex-start fusion-content-layout-column\"><div class=\"fusion-section-separator section-separator slant fusion-section-separator-1\" style=\"--awb-spacer-height:99px;--awb-svg-margin-left:1.92%;--awb-svg-margin-right:1.92%;--awb-svg-margin-left-medium:1.92%;--awb-svg-margin-right-medium:1.92%;--awb-svg-margin-left-small:1.92%;--awb-svg-margin-right-small:1.92%;--awb-divider-height:99px;--awb-spacer-padding-top:inherit;--awb-sep-padding:0;--awb-svg-padding:0;--awb-svg-tag-margin-bottom:-3px;--awb-sep-svg-display:block;--awb-margin-top:-38px;\"><div class=\"fusion-section-separator-svg\"><svg class=\"fusion-slant-candy\" xmlns=\"http:\/\/www.w3.org\/2000\/svg\" version=\"1.1\" width=\"100%\" height=\"100\" viewbox=\"0 0 100 100\" preserveaspectratio=\"none\" fill=\"rgba(0,0,0,1)\"><path d=\"M100 0 L0 100 L101 100 Z\"><\/path><\/svg><\/div><div class=\"fusion-section-separator-spacer\"><div class=\"fusion-section-separator-spacer-height\"><\/div><\/div><\/div><\/div><\/div><\/div><\/div><div class=\"fusion-fullwidth fullwidth-box fusion-builder-row-2 fusion-flex-container has-pattern-background has-mask-background nonhundred-percent-fullwidth non-hundred-percent-height-scrolling\" style=\"--awb-border-radius-top-left:0px;--awb-border-radius-top-right:0px;--awb-border-radius-bottom-right:0px;--awb-border-radius-bottom-left:0px;--awb-padding-top:80px;--awb-padding-bottom:0px;--awb-background-color:var(--awb-color4);--awb-background-image:linear-gradient(180deg, hsla(var(--awb-color4-h),var(--awb-color4-s),calc(var(--awb-color4-l) - 4%),var(--awb-color4-a)) 0%,var(--awb-color4) 100%);--awb-flex-wrap:wrap;\" ><div class=\"fusion-builder-row fusion-row fusion-flex-align-items-flex-start fusion-flex-justify-content-center fusion-flex-content-wrap\" style=\"max-width:1546.48px;margin-left: calc(-4% \/ 2 );margin-right: calc(-4% \/ 2 );\"><div class=\"fusion-layout-column fusion_builder_column fusion-builder-column-1 fusion_builder_column_4_5 4_5 fusion-flex-column fusion-flex-align-self-center fusion-animated\" style=\"--awb-bg-size:cover;--awb-width-large:80%;--awb-spacing-right-large:2.4%;--awb-margin-bottom-large:0px;--awb-spacing-left-large:2.4%;--awb-width-medium:80%;--awb-order-medium:0;--awb-spacing-right-medium:2.4%;--awb-spacing-left-medium:2.4%;--awb-width-small:100%;--awb-order-small:0;--awb-spacing-right-small:1.92%;--awb-spacing-left-small:1.92%;\" data-animationtype=\"fadeInDown\" data-animationduration=\"0.7\" data-animationdelay=\"0.5\" data-animationoffset=\"top-into-view\"><div class=\"fusion-column-wrapper fusion-column-has-shadow fusion-flex-justify-content-flex-start fusion-content-layout-column\"><div class=\"fusion-title title fusion-title-1 fusion-sep-none fusion-title-center fusion-title-text fusion-title-size-one\" style=\"--awb-text-color:var(--awb-color1);\"><h1 class=\"fusion-title-heading title-heading-center fusion-responsive-typography-calculated\" style=\"margin:0;text-transform:var(--awb-typography1-text-transform);--fontSize:62;line-height:var(--awb-typography1-line-height);\">Imprint<\/h1><\/div><div class=\"fusion-separator\" style=\"align-self: center;margin-left: auto;margin-right: auto;margin-top:14px;width:100%;max-width:140px;\"><div class=\"fusion-separator-border sep-single sep-solid\" style=\"--awb-height:20px;--awb-amount:20px;--awb-sep-color:hsla(var(--awb-custom_color_1-h),var(--awb-custom_color_1-s),calc(var(--awb-custom_color_1-l) + 10%),calc(var(--awb-custom_color_1-a) - 10%));border-color:hsla(var(--awb-custom_color_1-h),var(--awb-custom_color_1-s),calc(var(--awb-custom_color_1-l) + 10%),calc(var(--awb-custom_color_1-a) - 10%));border-top-width:4px;\"><\/div><\/div><\/div><\/div><div class=\"fusion-layout-column fusion_builder_column fusion-builder-column-2 fusion_builder_column_1_1 1_1 fusion-flex-column\" style=\"--awb-padding-top:60px;--awb-bg-size:cover;--awb-width-large:100%;--awb-spacing-right-large:1.92%;--awb-margin-bottom-large:0px;--awb-spacing-left-large:1.92%;--awb-width-medium:100%;--awb-order-medium:0;--awb-spacing-right-medium:1.92%;--awb-spacing-left-medium:1.92%;--awb-width-small:100%;--awb-order-small:0;--awb-spacing-right-small:1.92%;--awb-spacing-left-small:1.92%;\"><div class=\"fusion-column-wrapper fusion-column-has-shadow fusion-flex-justify-content-flex-start fusion-content-layout-column\"><\/div><\/div><\/div><\/div><div class=\"fusion-fullwidth fullwidth-box fusion-builder-row-3 fusion-flex-container has-pattern-background has-mask-background nonhundred-percent-fullwidth non-hundred-percent-height-scrolling\" style=\"--awb-background-position:left top;--awb-background-repeat:repeat-y;--awb-border-color:var(--awb-custom_color_1);--awb-border-radius-top-left:0px;--awb-border-radius-top-right:0px;--awb-border-radius-bottom-right:0px;--awb-border-radius-bottom-left:0px;--awb-padding-top:100px;--awb-padding-bottom:20px;--awb-flex-wrap:wrap;\" ><div class=\"fusion-builder-row fusion-row fusion-flex-align-items-flex-start fusion-flex-content-wrap\" style=\"max-width:1546.48px;margin-left: calc(-4% \/ 2 );margin-right: calc(-4% \/ 2 );\"><div class=\"fusion-layout-column fusion_builder_column fusion-builder-column-3 fusion_builder_column_3_4 3_4 fusion-flex-column\" style=\"--awb-padding-bottom:100px;--awb-bg-size:cover;--awb-width-large:75%;--awb-spacing-right-large:2.56%;--awb-margin-bottom-large:0px;--awb-spacing-left-large:2.56%;--awb-width-medium:75%;--awb-order-medium:0;--awb-spacing-right-medium:2.56%;--awb-spacing-left-medium:2.56%;--awb-width-small:100%;--awb-order-small:0;--awb-spacing-right-small:1.92%;--awb-spacing-left-small:1.92%;\"><div class=\"fusion-column-wrapper fusion-column-has-shadow fusion-flex-justify-content-flex-start fusion-content-layout-column\"><div class=\"fusion-text fusion-text-1 lange-long-markdown\"><h2 id=\"angaben-gem-5-tmg\" class=\"fusion-responsive-typography-calculated\" style=\"--fontsize: 24; line-height: 1.3; --minfontsize: 24;\" data-fontsize=\"24\" data-lineheight=\"31.2px\">Angaben gem\u00e4\u00df \u00a7 5 TMG<\/h2>\n<ul>\n<li>Unternehmen: Lange Metall GmbH<\/li>\n<li>Vertretungsberechtigt\/Gesch\u00e4ftsf\u00fchrung: Ferdinand Lange (Metallbaumeister)<\/li>\n<li>Anschrift: Unter den Kastanien 10, 31177 Harsum (Machtsum), Deutschland<\/li>\n<\/ul>\n<h2 id=\"kontakt\" class=\"fusion-responsive-typography-calculated\" style=\"--fontsize: 24; line-height: 1.3; --minfontsize: 24;\" data-fontsize=\"24\" data-lineheight=\"31.2px\">Contact<\/h2>\n<ul>\n<li>Phone: <a href=\"tel:+49512769034\">+49 5127 69034<\/a><\/li>\n<li>Fax: <a href=\"tel:+49512769043\">+49 5127 69043<\/a><\/li>\n<li>Mobile <a href=\"tel:+4915146529859\">+49 151 &#8211; 4652 9859<\/a><\/li>\n<li>E-Mail: <a href=\"mailto:info@lange-metall.de\">info@lange-metall.de<\/a><\/li>\n<\/ul>\n<h2 id=\"umsatzsteuer-und-steuern\" class=\"fusion-responsive-typography-calculated\" style=\"--fontsize: 24; line-height: 1.3; --minfontsize: 24;\" data-fontsize=\"24\" data-lineheight=\"31.2px\">Umsatzsteuer und Steuern<\/h2>\n<ul>\n<li>USt-IdNr.: DE181268863<\/li>\n<li>Zust\u00e4ndiges Finanzamt: Hildesheim<\/li>\n<li>Steuernummer: 30\/126\/04431<\/li>\n<\/ul>\n<h2 id=\"berufs-und-kammerangaben\" class=\"fusion-responsive-typography-calculated\" style=\"--fontsize: 24; line-height: 1.3; --minfontsize: 24;\" data-fontsize=\"24\" data-lineheight=\"31.2px\">Berufs- und Kammerangaben<\/h2>\n<ul>\n<li>Berufsbezeichnung: Metallbaumeister (verliehen in der Bundesrepublik Deutschland)<\/li>\n<li>Mitglied der Handwerkskammer Hildesheim-S\u00fcdniedersachsen\n<ul>\n<li>Anschrift: Braunschweiger Stra\u00dfe 53, 31134 Hildesheim<\/li>\n<li>Telefon: 05121 162-0<\/li>\n<li>Fax: 05121 703432<\/li>\n<li>E-Mail: <a href=\"mailto:hgf@hwk-hildesheim.de\">hgf@hwk-hildesheim.de<\/a><\/li>\n<\/ul>\n<\/li>\n<\/ul>\n<h2 id=\"online-streitbeilegung\" class=\"fusion-responsive-typography-calculated\" style=\"--fontsize: 24; line-height: 1.3; --minfontsize: 24;\" data-fontsize=\"24\" data-lineheight=\"31.2px\">Online-Streitbeilegung<\/h2>\n<p>Die Europ\u00e4ische Kommission stellt eine Plattform zur Online-Streitbeilegung (OS) bereit: <a href=\"https:\/\/ec.europa.eu\/consumers\/odr\" target=\"_blank\" rel=\"noopener\">https:\/\/ec.europa.eu\/consumers\/odr<\/a><\/p>\n<h2 id=\"verbraucherstreitbeilegung\" class=\"fusion-responsive-typography-calculated\" style=\"--fontsize: 24; line-height: 1.3; --minfontsize: 24;\" data-fontsize=\"24\" data-lineheight=\"31.2px\">Verbraucherstreitbeilegung<\/h2>\n<p>Die Lange Metall GmbH ist nicht bereit und nicht verpflichtet, an Streitbeilegungsverfahren vor einer Verbraucherschlichtungsstelle teilzunehmen. Streitigkeiten \u00fcber den geschlossenen Vertrag und dessen Ausf\u00fchrung k\u00f6nnen jedoch vor der Vermittlungsstelle der Handwerkskammer Hildesheim-S\u00fcdniedersachsen verhandelt werden.<\/p>\n<h2 id=\"konzept-design\" class=\"fusion-responsive-typography-calculated\" style=\"--fontsize: 24; line-height: 1.3; --minfontsize: 24;\" data-fontsize=\"24\" data-lineheight=\"31.2px\">Konzept &amp; Design<\/h2>\n<p>KLOCKE Consulting \/ Hildesheim<br \/><a class=\"accessed\" href=\"https:\/\/klockeconsulting.de\" target=\"_blank\" rel=\"noopener\">https:\/\/klockeconsulting.de<\/a><\/p>\n<h2 id=\"bild-und-videonachweise\" class=\"fusion-responsive-typography-calculated\" style=\"--fontsize: 24; line-height: 1.3; --minfontsize: 24;\" data-fontsize=\"24\" data-lineheight=\"31.2px\">Bild- und Videonachweise<\/h2>\n<ul>\n<li>Startseite\n<ul>\n<li>Video\n<ul>\n<li>Adobe-Stock, DATEI NR.: 1387329072<\/li>\n<\/ul>\n<\/li>\n<li>Fotos\n<ul>\n<li>Adobe-Stock, DATEI NR.: 191018513<\/li>\n<li>Stock-Fotografie-ID:1180436573<\/li>\n<li>Stock-Fotografie-ID:1393025291<\/li>\n<li>Adobe-Stock, DATEI NR.: 104056108<\/li>\n<li>Adobe-Stock, DATEI NR.: 108458008<\/li>\n<li>Stock-Fotografie-ID:450262175<\/li>\n<li>Adobe-Stock, DATEI NR.: 250047727<\/li>\n<\/ul>\n<\/li>\n<\/ul>\n<\/li>\n<li>Services\n<ul>\n<li>Video\n<ul>\n<li>Artgrid, ID6218142<\/li>\n<\/ul>\n<\/li>\n<li>Fotos\n<ul>\n<li>Adobe-Stock, DATEI NR.: 56127388<\/li>\n<li>Adobe-Stock, DATEI NR.: 190067895<\/li>\n<li>Shutterstock, Asset-ID: 2334428003<\/li>\n<li>Adobe-Stock, DATEI NR.: 1214069183<\/li>\n<li>Adobe-Stock, DATEI NR.: 189418907<\/li>\n<\/ul>\n<\/li>\n<\/ul>\n<\/li>\n<li>Technology\n<ul>\n<li>Shutterstock, Stock-Video ID: 1025911007<\/li>\n<\/ul>\n<\/li>\n<li>\u00dcber uns\n<ul>\n<li>Artgrid, ID258629<\/li>\n<\/ul>\n<\/li>\n<li>References\n<ul>\n<li>Artgrid, ID6218135<\/li>\n<\/ul>\n<\/li>\n<\/ul>\n<\/div><\/div><\/div><\/div><\/div><\/p>","protected":false},"excerpt":{"rendered":"","protected":false},"author":1,"featured_media":0,"parent":0,"menu_order":0,"comment_status":"closed","ping_status":"closed","template":"100-width.php","meta":{"_acf_changed":false,"footnotes":""},"class_list":["post-2754","page","type-page","status-publish","hentry"],"acf":[],"_links":{"self":[{"href":"https:\/\/lange-metall.de\/en\/wp-json\/wp\/v2\/pages\/2754","targetHints":{"allow":["GET"]}}],"collection":[{"href":"https:\/\/lange-metall.de\/en\/wp-json\/wp\/v2\/pages"}],"about":[{"href":"https:\/\/lange-metall.de\/en\/wp-json\/wp\/v2\/types\/page"}],"author":[{"embeddable":true,"href":"https:\/\/lange-metall.de\/en\/wp-json\/wp\/v2\/users\/1"}],"replies":[{"embeddable":true,"href":"https:\/\/lange-metall.de\/en\/wp-json\/wp\/v2\/comments?post=2754"}],"version-history":[{"count":13,"href":"https:\/\/lange-metall.de\/en\/wp-json\/wp\/v2\/pages\/2754\/revisions"}],"predecessor-version":[{"id":3171,"href":"https:\/\/lange-metall.de\/en\/wp-json\/wp\/v2\/pages\/2754\/revisions\/3171"}],"wp:attachment":[{"href":"https:\/\/lange-metall.de\/en\/wp-json\/wp\/v2\/media?parent=2754"}],"curies":[{"name":"wp","href":"https:\/\/api.w.org\/{rel}","templated":true}]}}